{"id":2,"date":"2024-06-15T18:32:14","date_gmt":"2024-06-15T16:32:14","guid":{"rendered":"https:\/\/hellas.de.cool\/?page_id=2"},"modified":"2024-06-16T14:55:51","modified_gmt":"2024-06-16T12:55:51","slug":"beispiel-seite","status":"publish","type":"page","link":"https:\/\/hellas.de.cool\/index.php\/beispiel-seite\/","title":{"rendered":"Das Restaurant"},"content":{"rendered":"\n<p>Im Hellas Palace k\u00f6nnen Sie mehr als einfach nur gut essen! Mit speziellen Serviceangeboten bieten wir Ihnen dar\u00fcber hinaus die M\u00f6glichkeit, Veranstaltungen bei uns auszurichten und vieles mehr.<\/p>\n\n\n\n<p>Kali Mera und Kali Spera Hei\u00dft auf griechisch nicht nur Guten Tag und Guten Abend, sondern soll Sie einstimmen auf sch\u00f6ne Stunden in griechischer Gastlichkeit. Wir legen besonderen Wert auf frische Zutaten, abwechslungsreiche und gesunde mediterrane Mittelmeerk\u00fcche.<\/p>\n\n\n\n<h2 class=\"wp-block-heading\"><strong>Wir freuen uns auf Ihren Besuch<\/strong><\/h2>\n","protected":false},"excerpt":{"rendered":"<p>Im Hellas Palace k\u00f6nnen Sie mehr als einfach nur gut essen! Mit speziellen Serviceangeboten bieten wir Ihnen dar\u00fcber hinaus die M\u00f6glichkeit, Veranstaltungen bei uns auszurichten und vieles mehr. Kali Mera und Kali Spera Hei\u00dft auf griechisch nicht nur Guten Tag und Guten Abend, sondern soll Sie einstimmen auf sch\u00f6ne Stunden in griechischer Gastlichkeit. Wir legen &hellip; <\/p>\n<p class=\"link-more\"><a href=\"https:\/\/hellas.de.cool\/index.php\/beispiel-seite\/\" class=\"more-link\"><span class=\"screen-reader-text\">\u201eDas Restaurant\u201c<\/span> weiterlesen<\/a><\/p>\n","protected":false},"author":1,"featured_media":17,"parent":0,"menu_order":0,"comment_status":"closed","ping_status":"open","template":"","meta":{"footnotes":""},"class_list":["post-2","page","type-page","status-publish","has-post-thumbnail","hentry"],"_links":{"self":[{"href":"https:\/\/hellas.de.cool\/index.php\/wp-json\/wp\/v2\/pages\/2"}],"collection":[{"href":"https:\/\/hellas.de.cool\/index.php\/wp-json\/wp\/v2\/pages"}],"about":[{"href":"https:\/\/hellas.de.cool\/index.php\/wp-json\/wp\/v2\/types\/page"}],"author":[{"embeddable":true,"href":"https:\/\/hellas.de.cool\/index.php\/wp-json\/wp\/v2\/users\/1"}],"replies":[{"embeddable":true,"href":"https:\/\/hellas.de.cool\/index.php\/wp-json\/wp\/v2\/comments?post=2"}],"version-history":[{"count":6,"href":"https:\/\/hellas.de.cool\/index.php\/wp-json\/wp\/v2\/pages\/2\/revisions"}],"predecessor-version":[{"id":40,"href":"https:\/\/hellas.de.cool\/index.php\/wp-json\/wp\/v2\/pages\/2\/revisions\/40"}],"wp:featuredmedia":[{"embeddable":true,"href":"https:\/\/hellas.de.cool\/index.php\/wp-json\/wp\/v2\/media\/17"}],"wp:attachment":[{"href":"https:\/\/hellas.de.cool\/index.php\/wp-json\/wp\/v2\/media?parent=2"}],"curies":[{"name":"wp","href":"https:\/\/api.w.org\/{rel}","templated":true}]}}