{"id":82,"date":"2024-06-19T12:44:29","date_gmt":"2024-06-19T10:44:29","guid":{"rendered":"https:\/\/hellas.de.cool\/?page_id=82"},"modified":"2024-06-19T13:53:30","modified_gmt":"2024-06-19T11:53:30","slug":"tischbuchungen","status":"publish","type":"page","link":"https:\/\/hellas.de.cool\/index.php\/tischbuchungen\/","title":{"rendered":"Reservierungen"},"content":{"rendered":"\n<p>Herzlich Willkommen auf der Reservierungsseite des <strong>Hellas Palace<\/strong>, Ihrem griechischen Restaurant in Rhauderfehn.<\/p>\n\n\n\n<p>Genie\u00dfen Sie die Atmosph\u00e4re Griechenlands und die leckeren Spezialit\u00e4ten unserer K\u00fcche in unserem gem\u00fctlichen Restaurant.<\/p>\n\n\n\n<p>Um einen Tisch zu reservieren, w\u00e4hlen Sie bitte den gew\u00fcnschten Tag, die Uhrzeit und die Anzahl der Personen aus.<\/p>\n\n\n\n<p><strong>Bitte beachten Sie:<\/strong><\/p>\n\n\n\n<ul class=\"wp-block-list\">\n<li>An Wochenenden und Feiertagen ist eine Reservierung empfehlenswert.<\/li>\n\n\n\n<li>Gr\u00f6\u00dfere Gruppen ab 8 Personen bitten wir vorab telefonisch zu reservieren.<\/li>\n\n\n\n<li>Sie k\u00f6nnen Ihre Reservierung jederzeit online oder telefonisch \u00e4ndern oder stornieren.<\/li>\n<\/ul>\n\n\n\n<p><strong>Wir freuen uns auf Ihren Besuch!<\/strong><\/p>\n\n\n\n<h3 class=\"wp-block-heading\">So einfach geht&#8217;s:<\/h3>\n\n\n\n<ol class=\"wp-block-list\">\n<li>W\u00e4hlen Sie Ihren Wunschtermin aus.<\/li>\n\n\n\n<li>Geben Sie die Anzahl der Personen an.<\/li>\n\n\n\n<li>W\u00e4hlen Sie die gew\u00fcnschte Uhrzeit aus.<\/li>\n\n\n\n<li>Geben Sie Ihre Kontaktdaten ein.<\/li>\n\n\n\n<li>Klicken Sie auf &#8222;Reservierung best\u00e4tigen&#8220;.<\/li>\n<\/ol>\n\n\n\n<p><strong>Sie erhalten umgehend eine Best\u00e4tigung Ihrer Reservierung per E-Mail.<\/strong><\/p>\n\n\n\n<p><strong>Sollten Sie Fragen haben oder eine Reservierung f\u00fcr eine gr\u00f6\u00dfere Gruppe vornehmen m\u00f6chten, k\u00f6nnen Sie uns gerne telefonisch unter [Telefonnummer] kontaktieren.<\/strong><\/p>\n\n\n\n<p><strong>Wir freuen uns auf Sie!<\/strong><\/p>\n\n\n\n<p><strong>Ihr Team vom Hellas Palace<\/strong><\/p>\n","protected":false},"excerpt":{"rendered":"<p>Herzlich Willkommen auf der Reservierungsseite des Hellas Palace, Ihrem griechischen Restaurant in Rhauderfehn. Genie\u00dfen Sie die Atmosph\u00e4re Griechenlands und die leckeren Spezialit\u00e4ten unserer K\u00fcche in unserem gem\u00fctlichen Restaurant. Um einen Tisch zu reservieren, w\u00e4hlen Sie bitte den gew\u00fcnschten Tag, die Uhrzeit und die Anzahl der Personen aus. Bitte beachten Sie: Wir freuen uns auf Ihren &hellip; <\/p>\n<p class=\"link-more\"><a href=\"https:\/\/hellas.de.cool\/index.php\/tischbuchungen\/\" class=\"more-link\"><span class=\"screen-reader-text\">\u201eReservierungen\u201c<\/span> weiterlesen<\/a><\/p>\n","protected":false},"author":1,"featured_media":0,"parent":0,"menu_order":0,"comment_status":"closed","ping_status":"closed","template":"","meta":{"footnotes":""},"class_list":["post-82","page","type-page","status-publish","hentry"],"_links":{"self":[{"href":"https:\/\/hellas.de.cool\/index.php\/wp-json\/wp\/v2\/pages\/82"}],"collection":[{"href":"https:\/\/hellas.de.cool\/index.php\/wp-json\/wp\/v2\/pages"}],"about":[{"href":"https:\/\/hellas.de.cool\/index.php\/wp-json\/wp\/v2\/types\/page"}],"author":[{"embeddable":true,"href":"https:\/\/hellas.de.cool\/index.php\/wp-json\/wp\/v2\/users\/1"}],"replies":[{"embeddable":true,"href":"https:\/\/hellas.de.cool\/index.php\/wp-json\/wp\/v2\/comments?post=82"}],"version-history":[{"count":3,"href":"https:\/\/hellas.de.cool\/index.php\/wp-json\/wp\/v2\/pages\/82\/revisions"}],"predecessor-version":[{"id":87,"href":"https:\/\/hellas.de.cool\/index.php\/wp-json\/wp\/v2\/pages\/82\/revisions\/87"}],"wp:attachment":[{"href":"https:\/\/hellas.de.cool\/index.php\/wp-json\/wp\/v2\/media?parent=82"}],"curies":[{"name":"wp","href":"https:\/\/api.w.org\/{rel}","templated":true}]}}